{"id":5,"date":"2021-01-07T09:56:35","date_gmt":"2021-01-07T09:56:35","guid":{"rendered":"https:\/\/efbag.be\/croon-dandoy\/"},"modified":"2022-09-15T10:38:11","modified_gmt":"2022-09-15T09:38:11","slug":"accueil","status":"publish","type":"page","link":"https:\/\/efbag.be\/fr\/","title":{"rendered":"Accueil"},"content":{"rendered":"\n<h1 class=\"has-text-align-center wp-block-heading\">Voil\u00e0 pourquoi vous devriez absolument jeter un coup d&rsquo;\u0153il \u00e0 EFB B\u00fcllingen AG :<\/h1>\n\n\n\n<p class=\"has-text-align-center\">Nous sommes une soci\u00e9t\u00e9 de courtage ind\u00e9pendante, et vous \u00eates le seul \u00e0 \u00eatre au centre de nos pr\u00e9occupations.<br>Nous repr\u00e9sentons de nombreuses compagnies d&rsquo;assurance diff\u00e9rentes, il nous est donc possible de cr\u00e9er l&rsquo;offre ad\u00e9quate pour chaque client.<\/p>\n","protected":false},"excerpt":{"rendered":"<p>Voil\u00e0 pourquoi vous devriez absolument jeter un coup d&rsquo;\u0153il \u00e0 EFB B\u00fcllingen AG : Nous sommes une soci\u00e9t\u00e9 de courtage ind\u00e9pendante, et vous \u00eates le [&hellip;]<\/p>\n","protected":false},"author":2,"featured_media":0,"parent":0,"menu_order":0,"comment_status":"closed","ping_status":"closed","template":"","meta":{"footnotes":""},"class_list":["post-5","page","type-page","status-publish","hentry"],"acf":[],"yoast_head":"<!-- This site is optimized with the Yoast SEO plugin v23.4 - https:\/\/yoast.com\/wordpress\/plugins\/seo\/ -->\n<title>EFB B\u00fcllingen SA - Votre courtier en assurances<\/title>\n<meta name=\"description\" content=\"EFB B\u00fcllingen AG : Soci\u00e9t\u00e9 de courtage ind\u00e9pendante. Nous repr\u00e9sentons de nombreuses compagnies d\u2019assurance diff\u00e9rentes.\" \/>\n<meta name=\"robots\" content=\"index, follow, max-snippet:-1, max-image-preview:large, max-video-preview:-1\" \/>\n<link rel=\"canonical\" href=\"https:\/\/efbag.be\/fr\/\" \/>\n<meta property=\"og:locale\" content=\"fr_FR\" \/>\n<meta property=\"og:type\" content=\"article\" \/>\n<meta property=\"og:title\" content=\"EFB B\u00fcllingen SA - Votre courtier en assurances\" \/>\n<meta property=\"og:description\" content=\"EFB B\u00fcllingen AG : Soci\u00e9t\u00e9 de courtage ind\u00e9pendante. Nous repr\u00e9sentons de nombreuses compagnies d\u2019assurance diff\u00e9rentes.\" \/>\n<meta property=\"og:url\" content=\"https:\/\/efbag.be\/fr\/\" \/>\n<meta property=\"og:site_name\" content=\"efbag\" \/>\n<meta property=\"article:modified_time\" content=\"2022-09-15T09:38:11+00:00\" \/>\n<meta name=\"twitter:card\" content=\"summary_large_image\" \/>\n<meta name=\"twitter:label1\" content=\"Dur\u00e9e de lecture estim\u00e9e\" \/>\n\t<meta name=\"twitter:data1\" content=\"1 minute\" \/>\n<script type=\"application\/ld+json\" class=\"yoast-schema-graph\">{\"@context\":\"https:\/\/schema.org\",\"@graph\":[{\"@type\":\"WebPage\",\"@id\":\"https:\/\/efbag.be\/fr\/\",\"url\":\"https:\/\/efbag.be\/fr\/\",\"name\":\"EFB B\u00fcllingen SA - Votre courtier en assurances\",\"isPartOf\":{\"@id\":\"https:\/\/efbag.be\/#website\"},\"datePublished\":\"2021-01-07T09:56:35+00:00\",\"dateModified\":\"2022-09-15T09:38:11+00:00\",\"description\":\"EFB B\u00fcllingen AG : Soci\u00e9t\u00e9 de courtage ind\u00e9pendante. Nous repr\u00e9sentons de nombreuses compagnies d\u2019assurance diff\u00e9rentes.\",\"breadcrumb\":{\"@id\":\"https:\/\/efbag.be\/fr\/#breadcrumb\"},\"inLanguage\":\"fr-FR\",\"potentialAction\":[{\"@type\":\"ReadAction\",\"target\":[\"https:\/\/efbag.be\/fr\/\"]}]},{\"@type\":\"BreadcrumbList\",\"@id\":\"https:\/\/efbag.be\/fr\/#breadcrumb\",\"itemListElement\":[{\"@type\":\"ListItem\",\"position\":1,\"name\":\"Accueil\",\"item\":\"https:\/\/efbag.be\/fr\/\"},{\"@type\":\"ListItem\",\"position\":2,\"name\":\"Accueil\"}]},{\"@type\":\"WebSite\",\"@id\":\"https:\/\/efbag.be\/#website\",\"url\":\"https:\/\/efbag.be\/\",\"name\":\"efbag\",\"description\":\"Just another WordPress site\",\"potentialAction\":[{\"@type\":\"SearchAction\",\"target\":{\"@type\":\"EntryPoint\",\"urlTemplate\":\"https:\/\/efbag.be\/?s={search_term_string}\"},\"query-input\":{\"@type\":\"PropertyValueSpecification\",\"valueRequired\":true,\"valueName\":\"search_term_string\"}}],\"inLanguage\":\"fr-FR\"}]}<\/script>\n<!-- \/ Yoast SEO plugin. -->","yoast_head_json":{"title":"EFB B\u00fcllingen SA - Votre courtier en assurances","description":"EFB B\u00fcllingen AG : Soci\u00e9t\u00e9 de courtage ind\u00e9pendante. Nous repr\u00e9sentons de nombreuses compagnies d\u2019assurance diff\u00e9rentes.","robots":{"index":"index","follow":"follow","max-snippet":"max-snippet:-1","max-image-preview":"max-image-preview:large","max-video-preview":"max-video-preview:-1"},"canonical":"https:\/\/efbag.be\/fr\/","og_locale":"fr_FR","og_type":"article","og_title":"EFB B\u00fcllingen SA - Votre courtier en assurances","og_description":"EFB B\u00fcllingen AG : Soci\u00e9t\u00e9 de courtage ind\u00e9pendante. Nous repr\u00e9sentons de nombreuses compagnies d\u2019assurance diff\u00e9rentes.","og_url":"https:\/\/efbag.be\/fr\/","og_site_name":"efbag","article_modified_time":"2022-09-15T09:38:11+00:00","twitter_card":"summary_large_image","twitter_misc":{"Dur\u00e9e de lecture estim\u00e9e":"1 minute"},"schema":{"@context":"https:\/\/schema.org","@graph":[{"@type":"WebPage","@id":"https:\/\/efbag.be\/fr\/","url":"https:\/\/efbag.be\/fr\/","name":"EFB B\u00fcllingen SA - Votre courtier en assurances","isPartOf":{"@id":"https:\/\/efbag.be\/#website"},"datePublished":"2021-01-07T09:56:35+00:00","dateModified":"2022-09-15T09:38:11+00:00","description":"EFB B\u00fcllingen AG : Soci\u00e9t\u00e9 de courtage ind\u00e9pendante. Nous repr\u00e9sentons de nombreuses compagnies d\u2019assurance diff\u00e9rentes.","breadcrumb":{"@id":"https:\/\/efbag.be\/fr\/#breadcrumb"},"inLanguage":"fr-FR","potentialAction":[{"@type":"ReadAction","target":["https:\/\/efbag.be\/fr\/"]}]},{"@type":"BreadcrumbList","@id":"https:\/\/efbag.be\/fr\/#breadcrumb","itemListElement":[{"@type":"ListItem","position":1,"name":"Accueil","item":"https:\/\/efbag.be\/fr\/"},{"@type":"ListItem","position":2,"name":"Accueil"}]},{"@type":"WebSite","@id":"https:\/\/efbag.be\/#website","url":"https:\/\/efbag.be\/","name":"efbag","description":"Just another WordPress site","potentialAction":[{"@type":"SearchAction","target":{"@type":"EntryPoint","urlTemplate":"https:\/\/efbag.be\/?s={search_term_string}"},"query-input":{"@type":"PropertyValueSpecification","valueRequired":true,"valueName":"search_term_string"}}],"inLanguage":"fr-FR"}]}},"_links":{"self":[{"href":"https:\/\/efbag.be\/fr\/wp-json\/wp\/v2\/pages\/5","targetHints":{"allow":["GET"]}}],"collection":[{"href":"https:\/\/efbag.be\/fr\/wp-json\/wp\/v2\/pages"}],"about":[{"href":"https:\/\/efbag.be\/fr\/wp-json\/wp\/v2\/types\/page"}],"author":[{"embeddable":true,"href":"https:\/\/efbag.be\/fr\/wp-json\/wp\/v2\/users\/2"}],"replies":[{"embeddable":true,"href":"https:\/\/efbag.be\/fr\/wp-json\/wp\/v2\/comments?post=5"}],"version-history":[{"count":30,"href":"https:\/\/efbag.be\/fr\/wp-json\/wp\/v2\/pages\/5\/revisions"}],"predecessor-version":[{"id":670,"href":"https:\/\/efbag.be\/fr\/wp-json\/wp\/v2\/pages\/5\/revisions\/670"}],"wp:attachment":[{"href":"https:\/\/efbag.be\/fr\/wp-json\/wp\/v2\/media?parent=5"}],"curies":[{"name":"wp","href":"https:\/\/api.w.org\/{rel}","templated":true}]}}