{"id":263,"date":"2021-01-08T14:35:36","date_gmt":"2021-01-08T14:35:36","guid":{"rendered":"https:\/\/efbag.be\/?page_id=263"},"modified":"2023-10-09T15:04:32","modified_gmt":"2023-10-09T14:04:32","slug":"a-propos","status":"publish","type":"page","link":"https:\/\/efbag.be\/fr\/a-propos\/","title":{"rendered":"\u00c0 propos"},"content":{"rendered":"\n<h1 class=\"wp-block-heading\">EFB AG, \u00e0 votre service depuis plus de 50 ans<\/h1>\n\n\n\n<p>En 1960, Walter Br\u00fcls a constitu\u00e9 une agence bancaire Anhyp \u00e0 Krinkelt.&nbsp; Une deuxi\u00e8me succursale voit le jour en 1978 \u00e0 B\u00fcllingen.&nbsp; En 1989, la soci\u00e9t\u00e9 EFB a \u00e9t\u00e9 cr\u00e9\u00e9e par Walter Br\u00fcls et Aloys Faymonville.&nbsp; 3 respectivement 4 ann\u00e9es plus tard, Franz K\u00fcpper et Danny Balter joignaient EFB, en 1999, c\u2019est Alexander K\u00fcpper qui compl\u00e9tait l\u2019\u00e9quipe.&nbsp; C\u2019\u00e9tait en 1999 \u00e9galement, que Anhyp devenait AXA.<\/p>\n\n\n\n<p>Le 31 juillet 2002, la soci\u00e9t\u00e9 EFB B\u00fcllingen AG a \u00e9t\u00e9 fond\u00e9e.<\/p>\n\n\n\n<p>En 2004, on a d\u00e9m\u00e9nag\u00e9 \u00e0 l\u2019adresse actuelle, Hauptstrasse n\u00b0 3 \u00e0 B\u00fcllingen.<\/p>\n\n\n\n<p>Stefan Faymonville a \u00e9t\u00e9 embauch\u00e9 comme employ\u00e9 en 2010, depuis 2015, Laurent Lambertz fait son apprentissage chez EFB.<\/p>\n\n\n\n<p style=\"font-size:18px\">Lorsque Laurent Lambertz a d\u00e9cid\u00e9 de prendre une autre direction, nous avons pu recruter Lukas Theodor en 2021.<\/p>\n\n\n\n<p style=\"font-size:18px\">En f\u00e9vrier 2022, la transformation des locaux vieillissants a pu \u00eatre achev\u00e9e. Nous avons eu le plaisir d&rsquo;inaugurer officiellment les nouveaux bureaux en compagnie de nos clients et partenaires.<\/p>\n\n\n\n<p>Depuis septembre 2022 et 2023, les deux apprentis Pjotr Koole et Lukas Heck font partie de notre \u00e9quipe.<\/p>\n\n\n\n<figure class=\"wp-block-gallery has-nested-images columns-default is-cropped wp-block-gallery-1 is-layout-flex wp-block-gallery-is-layout-flex\">\n<figure class=\"wp-block-image size-large\"><img loading=\"lazy\" decoding=\"async\" width=\"1024\" height=\"683\" data-id=\"903\" src=\"https:\/\/efbag.be\/wp-content\/uploads\/2023\/10\/MicrosoftTeams-image-7-1024x683.jpg\" alt=\"\" class=\"wp-image-903\" srcset=\"https:\/\/efbag.be\/wp-content\/uploads\/2023\/10\/MicrosoftTeams-image-7-1024x683.jpg 1024w, https:\/\/efbag.be\/wp-content\/uploads\/2023\/10\/MicrosoftTeams-image-7-300x200.jpg 300w, https:\/\/efbag.be\/wp-content\/uploads\/2023\/10\/MicrosoftTeams-image-7-768x512.jpg 768w, https:\/\/efbag.be\/wp-content\/uploads\/2023\/10\/MicrosoftTeams-image-7-1536x1024.jpg 1536w, https:\/\/efbag.be\/wp-content\/uploads\/2023\/10\/MicrosoftTeams-image-7-2048x1365.jpg 2048w\" sizes=\"auto, (max-width: 1024px) 100vw, 1024px\" \/><\/figure>\n\n\n\n<figure class=\"wp-block-image size-large\"><img loading=\"lazy\" decoding=\"async\" width=\"683\" height=\"1024\" data-id=\"901\" src=\"https:\/\/efbag.be\/wp-content\/uploads\/2023\/10\/MicrosoftTeams-image-8-683x1024.jpg\" alt=\"\" class=\"wp-image-901\" srcset=\"https:\/\/efbag.be\/wp-content\/uploads\/2023\/10\/MicrosoftTeams-image-8-683x1024.jpg 683w, https:\/\/efbag.be\/wp-content\/uploads\/2023\/10\/MicrosoftTeams-image-8-200x300.jpg 200w, https:\/\/efbag.be\/wp-content\/uploads\/2023\/10\/MicrosoftTeams-image-8-768x1152.jpg 768w, https:\/\/efbag.be\/wp-content\/uploads\/2023\/10\/MicrosoftTeams-image-8-1024x1536.jpg 1024w, https:\/\/efbag.be\/wp-content\/uploads\/2023\/10\/MicrosoftTeams-image-8-1365x2048.jpg 1365w, https:\/\/efbag.be\/wp-content\/uploads\/2023\/10\/MicrosoftTeams-image-8-scaled.jpg 1707w\" sizes=\"auto, (max-width: 683px) 100vw, 683px\" \/><\/figure>\n\n\n\n<figure class=\"wp-block-image size-large\"><img loading=\"lazy\" decoding=\"async\" width=\"683\" height=\"1024\" data-id=\"899\" src=\"https:\/\/efbag.be\/wp-content\/uploads\/2023\/10\/MicrosoftTeams-image-5-683x1024.jpg\" alt=\"\" class=\"wp-image-899\" srcset=\"https:\/\/efbag.be\/wp-content\/uploads\/2023\/10\/MicrosoftTeams-image-5-683x1024.jpg 683w, https:\/\/efbag.be\/wp-content\/uploads\/2023\/10\/MicrosoftTeams-image-5-200x300.jpg 200w, https:\/\/efbag.be\/wp-content\/uploads\/2023\/10\/MicrosoftTeams-image-5-768x1152.jpg 768w, https:\/\/efbag.be\/wp-content\/uploads\/2023\/10\/MicrosoftTeams-image-5-1024x1536.jpg 1024w, https:\/\/efbag.be\/wp-content\/uploads\/2023\/10\/MicrosoftTeams-image-5-1365x2048.jpg 1365w, https:\/\/efbag.be\/wp-content\/uploads\/2023\/10\/MicrosoftTeams-image-5-scaled.jpg 1707w\" sizes=\"auto, (max-width: 683px) 100vw, 683px\" \/><\/figure>\n<\/figure>\n","protected":false},"excerpt":{"rendered":"<p>EFB AG, \u00e0 votre service depuis plus de 50 ans En 1960, Walter Br\u00fcls a constitu\u00e9 une agence bancaire Anhyp \u00e0 Krinkelt.&nbsp; Une deuxi\u00e8me succursale [&hellip;]<\/p>\n","protected":false},"author":1,"featured_media":0,"parent":0,"menu_order":0,"comment_status":"closed","ping_status":"closed","template":"page-about.php","meta":{"footnotes":""},"class_list":["post-263","page","type-page","status-publish","hentry"],"acf":[],"yoast_head":"<!-- This site is optimized with the Yoast SEO plugin v23.4 - https:\/\/yoast.com\/wordpress\/plugins\/seo\/ -->\n<title>\u00c0 propos - efbag<\/title>\n<meta name=\"robots\" content=\"index, follow, max-snippet:-1, max-image-preview:large, max-video-preview:-1\" \/>\n<link rel=\"canonical\" href=\"https:\/\/efbag.be\/fr\/a-propos\/\" \/>\n<meta property=\"og:locale\" content=\"fr_FR\" \/>\n<meta property=\"og:type\" content=\"article\" \/>\n<meta property=\"og:title\" content=\"\u00c0 propos - efbag\" \/>\n<meta property=\"og:description\" content=\"EFB AG, \u00e0 votre service depuis plus de 50 ans En 1960, Walter Br\u00fcls a constitu\u00e9 une agence bancaire Anhyp \u00e0 Krinkelt.&nbsp; Une deuxi\u00e8me succursale [&hellip;]\" \/>\n<meta property=\"og:url\" content=\"https:\/\/efbag.be\/fr\/a-propos\/\" \/>\n<meta property=\"og:site_name\" content=\"efbag\" \/>\n<meta property=\"article:modified_time\" content=\"2023-10-09T14:04:32+00:00\" \/>\n<meta property=\"og:image\" content=\"https:\/\/efbag.be\/wp-content\/uploads\/2023\/10\/MicrosoftTeams-image-7-1024x683.jpg\" \/>\n<meta name=\"twitter:card\" content=\"summary_large_image\" \/>\n<meta name=\"twitter:label1\" content=\"Dur\u00e9e de lecture estim\u00e9e\" \/>\n\t<meta name=\"twitter:data1\" content=\"1 minute\" \/>\n<script type=\"application\/ld+json\" class=\"yoast-schema-graph\">{\"@context\":\"https:\/\/schema.org\",\"@graph\":[{\"@type\":\"WebPage\",\"@id\":\"https:\/\/efbag.be\/fr\/a-propos\/\",\"url\":\"https:\/\/efbag.be\/fr\/a-propos\/\",\"name\":\"\u00c0 propos - efbag\",\"isPartOf\":{\"@id\":\"https:\/\/efbag.be\/#website\"},\"primaryImageOfPage\":{\"@id\":\"https:\/\/efbag.be\/fr\/a-propos\/#primaryimage\"},\"image\":{\"@id\":\"https:\/\/efbag.be\/fr\/a-propos\/#primaryimage\"},\"thumbnailUrl\":\"https:\/\/efbag.be\/wp-content\/uploads\/2023\/10\/MicrosoftTeams-image-7-1024x683.jpg\",\"datePublished\":\"2021-01-08T14:35:36+00:00\",\"dateModified\":\"2023-10-09T14:04:32+00:00\",\"breadcrumb\":{\"@id\":\"https:\/\/efbag.be\/fr\/a-propos\/#breadcrumb\"},\"inLanguage\":\"fr-FR\",\"potentialAction\":[{\"@type\":\"ReadAction\",\"target\":[\"https:\/\/efbag.be\/fr\/a-propos\/\"]}]},{\"@type\":\"ImageObject\",\"inLanguage\":\"fr-FR\",\"@id\":\"https:\/\/efbag.be\/fr\/a-propos\/#primaryimage\",\"url\":\"https:\/\/efbag.be\/wp-content\/uploads\/2023\/10\/MicrosoftTeams-image-7-1024x683.jpg\",\"contentUrl\":\"https:\/\/efbag.be\/wp-content\/uploads\/2023\/10\/MicrosoftTeams-image-7-1024x683.jpg\"},{\"@type\":\"BreadcrumbList\",\"@id\":\"https:\/\/efbag.be\/fr\/a-propos\/#breadcrumb\",\"itemListElement\":[{\"@type\":\"ListItem\",\"position\":1,\"name\":\"Accueil\",\"item\":\"https:\/\/efbag.be\/fr\/\"},{\"@type\":\"ListItem\",\"position\":2,\"name\":\"\u00c0 propos\"}]},{\"@type\":\"WebSite\",\"@id\":\"https:\/\/efbag.be\/#website\",\"url\":\"https:\/\/efbag.be\/\",\"name\":\"efbag\",\"description\":\"Just another WordPress site\",\"potentialAction\":[{\"@type\":\"SearchAction\",\"target\":{\"@type\":\"EntryPoint\",\"urlTemplate\":\"https:\/\/efbag.be\/?s={search_term_string}\"},\"query-input\":{\"@type\":\"PropertyValueSpecification\",\"valueRequired\":true,\"valueName\":\"search_term_string\"}}],\"inLanguage\":\"fr-FR\"}]}<\/script>\n<!-- \/ Yoast SEO plugin. -->","yoast_head_json":{"title":"\u00c0 propos - efbag","robots":{"index":"index","follow":"follow","max-snippet":"max-snippet:-1","max-image-preview":"max-image-preview:large","max-video-preview":"max-video-preview:-1"},"canonical":"https:\/\/efbag.be\/fr\/a-propos\/","og_locale":"fr_FR","og_type":"article","og_title":"\u00c0 propos - efbag","og_description":"EFB AG, \u00e0 votre service depuis plus de 50 ans En 1960, Walter Br\u00fcls a constitu\u00e9 une agence bancaire Anhyp \u00e0 Krinkelt.&nbsp; Une deuxi\u00e8me succursale [&hellip;]","og_url":"https:\/\/efbag.be\/fr\/a-propos\/","og_site_name":"efbag","article_modified_time":"2023-10-09T14:04:32+00:00","og_image":[{"url":"https:\/\/efbag.be\/wp-content\/uploads\/2023\/10\/MicrosoftTeams-image-7-1024x683.jpg"}],"twitter_card":"summary_large_image","twitter_misc":{"Dur\u00e9e de lecture estim\u00e9e":"1 minute"},"schema":{"@context":"https:\/\/schema.org","@graph":[{"@type":"WebPage","@id":"https:\/\/efbag.be\/fr\/a-propos\/","url":"https:\/\/efbag.be\/fr\/a-propos\/","name":"\u00c0 propos - efbag","isPartOf":{"@id":"https:\/\/efbag.be\/#website"},"primaryImageOfPage":{"@id":"https:\/\/efbag.be\/fr\/a-propos\/#primaryimage"},"image":{"@id":"https:\/\/efbag.be\/fr\/a-propos\/#primaryimage"},"thumbnailUrl":"https:\/\/efbag.be\/wp-content\/uploads\/2023\/10\/MicrosoftTeams-image-7-1024x683.jpg","datePublished":"2021-01-08T14:35:36+00:00","dateModified":"2023-10-09T14:04:32+00:00","breadcrumb":{"@id":"https:\/\/efbag.be\/fr\/a-propos\/#breadcrumb"},"inLanguage":"fr-FR","potentialAction":[{"@type":"ReadAction","target":["https:\/\/efbag.be\/fr\/a-propos\/"]}]},{"@type":"ImageObject","inLanguage":"fr-FR","@id":"https:\/\/efbag.be\/fr\/a-propos\/#primaryimage","url":"https:\/\/efbag.be\/wp-content\/uploads\/2023\/10\/MicrosoftTeams-image-7-1024x683.jpg","contentUrl":"https:\/\/efbag.be\/wp-content\/uploads\/2023\/10\/MicrosoftTeams-image-7-1024x683.jpg"},{"@type":"BreadcrumbList","@id":"https:\/\/efbag.be\/fr\/a-propos\/#breadcrumb","itemListElement":[{"@type":"ListItem","position":1,"name":"Accueil","item":"https:\/\/efbag.be\/fr\/"},{"@type":"ListItem","position":2,"name":"\u00c0 propos"}]},{"@type":"WebSite","@id":"https:\/\/efbag.be\/#website","url":"https:\/\/efbag.be\/","name":"efbag","description":"Just another WordPress site","potentialAction":[{"@type":"SearchAction","target":{"@type":"EntryPoint","urlTemplate":"https:\/\/efbag.be\/?s={search_term_string}"},"query-input":{"@type":"PropertyValueSpecification","valueRequired":true,"valueName":"search_term_string"}}],"inLanguage":"fr-FR"}]}},"_links":{"self":[{"href":"https:\/\/efbag.be\/fr\/wp-json\/wp\/v2\/pages\/263","targetHints":{"allow":["GET"]}}],"collection":[{"href":"https:\/\/efbag.be\/fr\/wp-json\/wp\/v2\/pages"}],"about":[{"href":"https:\/\/efbag.be\/fr\/wp-json\/wp\/v2\/types\/page"}],"author":[{"embeddable":true,"href":"https:\/\/efbag.be\/fr\/wp-json\/wp\/v2\/users\/1"}],"replies":[{"embeddable":true,"href":"https:\/\/efbag.be\/fr\/wp-json\/wp\/v2\/comments?post=263"}],"version-history":[{"count":10,"href":"https:\/\/efbag.be\/fr\/wp-json\/wp\/v2\/pages\/263\/revisions"}],"predecessor-version":[{"id":929,"href":"https:\/\/efbag.be\/fr\/wp-json\/wp\/v2\/pages\/263\/revisions\/929"}],"wp:attachment":[{"href":"https:\/\/efbag.be\/fr\/wp-json\/wp\/v2\/media?parent=263"}],"curies":[{"name":"wp","href":"https:\/\/api.w.org\/{rel}","templated":true}]}}