{"id":253,"date":"2021-01-08T14:08:03","date_gmt":"2021-01-08T14:08:03","guid":{"rendered":"https:\/\/efbag.be\/?page_id=253"},"modified":"2021-01-08T14:42:23","modified_gmt":"2021-01-08T14:42:23","slug":"professionnels","status":"publish","type":"page","link":"https:\/\/efbag.be\/fr\/professionnels\/","title":{"rendered":"Entreprises"},"content":{"rendered":"\n<h1 class=\"wp-block-heading\">Assurances pour les ind\u00e9pendants et les entreprises<\/h1>\n\n\n\n<p>La protection financi\u00e8re de votre entreprise et de ses revenus est primordiale&nbsp;! N\u00e9anmoins, en tant qu\u2019ind\u00e9pendant ou chef d\u2019entreprise, vous avez tr\u00e8s peu de temps \u00e0 consacrer aux assurances et aux questions bancaires destin\u00e9es \u00e0 cette protection.<\/p>\n\n\n\n<p>Ne prenez pas le risque d\u2019\u00eatre mal ou trop peu couvert, confiez votre dossier \u00e0 des personnes dont c\u2019est le m\u00e9tier&nbsp;! Notre bureau vous propose une gamme compl\u00e8te d\u2019assurances pour couvrir votre activit\u00e9 d\u2019ind\u00e9pendant et votre entreprise. Nous comparons pour vous les conditions et les offres de plusieurs compagnies, en toute ind\u00e9pendance, nous vous aidons dans la gestion de vos contrats et nous sommes \u00e0 vos c\u00f4t\u00e9s en cas de sinistre.<\/p>\n\n\n\n<p>Nous vous invitons \u00e0 nous contacter pour toute question et vous proposons un audit gratuit et sans engagement de votre dossier.<\/p>\n","protected":false},"excerpt":{"rendered":"<p>Assurances pour les ind\u00e9pendants et les entreprises La protection financi\u00e8re de votre entreprise et de ses revenus est primordiale&nbsp;! N\u00e9anmoins, en tant qu\u2019ind\u00e9pendant ou chef [&hellip;]<\/p>\n","protected":false},"author":1,"featured_media":0,"parent":0,"menu_order":0,"comment_status":"closed","ping_status":"closed","template":"","meta":{"footnotes":""},"class_list":["post-253","page","type-page","status-publish","hentry"],"acf":[],"yoast_head":"<!-- This site is optimized with the Yoast SEO plugin v23.4 - https:\/\/yoast.com\/wordpress\/plugins\/seo\/ -->\n<title>Entreprises - efbag<\/title>\n<meta name=\"robots\" content=\"index, follow, max-snippet:-1, max-image-preview:large, max-video-preview:-1\" \/>\n<link rel=\"canonical\" href=\"https:\/\/efbag.be\/fr\/professionnels\/\" \/>\n<meta property=\"og:locale\" content=\"fr_FR\" \/>\n<meta property=\"og:type\" content=\"article\" \/>\n<meta property=\"og:title\" content=\"Entreprises - efbag\" \/>\n<meta property=\"og:description\" content=\"Assurances pour les ind\u00e9pendants et les entreprises La protection financi\u00e8re de votre entreprise et de ses revenus est primordiale&nbsp;! N\u00e9anmoins, en tant qu\u2019ind\u00e9pendant ou chef [&hellip;]\" \/>\n<meta property=\"og:url\" content=\"https:\/\/efbag.be\/fr\/professionnels\/\" \/>\n<meta property=\"og:site_name\" content=\"efbag\" \/>\n<meta property=\"article:modified_time\" content=\"2021-01-08T14:42:23+00:00\" \/>\n<meta name=\"twitter:card\" content=\"summary_large_image\" \/>\n<meta name=\"twitter:label1\" content=\"Dur\u00e9e de lecture estim\u00e9e\" \/>\n\t<meta name=\"twitter:data1\" content=\"1 minute\" \/>\n<script type=\"application\/ld+json\" class=\"yoast-schema-graph\">{\"@context\":\"https:\/\/schema.org\",\"@graph\":[{\"@type\":\"WebPage\",\"@id\":\"https:\/\/efbag.be\/fr\/professionnels\/\",\"url\":\"https:\/\/efbag.be\/fr\/professionnels\/\",\"name\":\"Entreprises - efbag\",\"isPartOf\":{\"@id\":\"https:\/\/efbag.be\/#website\"},\"datePublished\":\"2021-01-08T14:08:03+00:00\",\"dateModified\":\"2021-01-08T14:42:23+00:00\",\"breadcrumb\":{\"@id\":\"https:\/\/efbag.be\/fr\/professionnels\/#breadcrumb\"},\"inLanguage\":\"fr-FR\",\"potentialAction\":[{\"@type\":\"ReadAction\",\"target\":[\"https:\/\/efbag.be\/fr\/professionnels\/\"]}]},{\"@type\":\"BreadcrumbList\",\"@id\":\"https:\/\/efbag.be\/fr\/professionnels\/#breadcrumb\",\"itemListElement\":[{\"@type\":\"ListItem\",\"position\":1,\"name\":\"Accueil\",\"item\":\"https:\/\/efbag.be\/fr\/\"},{\"@type\":\"ListItem\",\"position\":2,\"name\":\"Entreprises\"}]},{\"@type\":\"WebSite\",\"@id\":\"https:\/\/efbag.be\/#website\",\"url\":\"https:\/\/efbag.be\/\",\"name\":\"efbag\",\"description\":\"Just another WordPress site\",\"potentialAction\":[{\"@type\":\"SearchAction\",\"target\":{\"@type\":\"EntryPoint\",\"urlTemplate\":\"https:\/\/efbag.be\/?s={search_term_string}\"},\"query-input\":{\"@type\":\"PropertyValueSpecification\",\"valueRequired\":true,\"valueName\":\"search_term_string\"}}],\"inLanguage\":\"fr-FR\"}]}<\/script>\n<!-- \/ Yoast SEO plugin. -->","yoast_head_json":{"title":"Entreprises - efbag","robots":{"index":"index","follow":"follow","max-snippet":"max-snippet:-1","max-image-preview":"max-image-preview:large","max-video-preview":"max-video-preview:-1"},"canonical":"https:\/\/efbag.be\/fr\/professionnels\/","og_locale":"fr_FR","og_type":"article","og_title":"Entreprises - efbag","og_description":"Assurances pour les ind\u00e9pendants et les entreprises La protection financi\u00e8re de votre entreprise et de ses revenus est primordiale&nbsp;! N\u00e9anmoins, en tant qu\u2019ind\u00e9pendant ou chef [&hellip;]","og_url":"https:\/\/efbag.be\/fr\/professionnels\/","og_site_name":"efbag","article_modified_time":"2021-01-08T14:42:23+00:00","twitter_card":"summary_large_image","twitter_misc":{"Dur\u00e9e de lecture estim\u00e9e":"1 minute"},"schema":{"@context":"https:\/\/schema.org","@graph":[{"@type":"WebPage","@id":"https:\/\/efbag.be\/fr\/professionnels\/","url":"https:\/\/efbag.be\/fr\/professionnels\/","name":"Entreprises - efbag","isPartOf":{"@id":"https:\/\/efbag.be\/#website"},"datePublished":"2021-01-08T14:08:03+00:00","dateModified":"2021-01-08T14:42:23+00:00","breadcrumb":{"@id":"https:\/\/efbag.be\/fr\/professionnels\/#breadcrumb"},"inLanguage":"fr-FR","potentialAction":[{"@type":"ReadAction","target":["https:\/\/efbag.be\/fr\/professionnels\/"]}]},{"@type":"BreadcrumbList","@id":"https:\/\/efbag.be\/fr\/professionnels\/#breadcrumb","itemListElement":[{"@type":"ListItem","position":1,"name":"Accueil","item":"https:\/\/efbag.be\/fr\/"},{"@type":"ListItem","position":2,"name":"Entreprises"}]},{"@type":"WebSite","@id":"https:\/\/efbag.be\/#website","url":"https:\/\/efbag.be\/","name":"efbag","description":"Just another WordPress site","potentialAction":[{"@type":"SearchAction","target":{"@type":"EntryPoint","urlTemplate":"https:\/\/efbag.be\/?s={search_term_string}"},"query-input":{"@type":"PropertyValueSpecification","valueRequired":true,"valueName":"search_term_string"}}],"inLanguage":"fr-FR"}]}},"_links":{"self":[{"href":"https:\/\/efbag.be\/fr\/wp-json\/wp\/v2\/pages\/253","targetHints":{"allow":["GET"]}}],"collection":[{"href":"https:\/\/efbag.be\/fr\/wp-json\/wp\/v2\/pages"}],"about":[{"href":"https:\/\/efbag.be\/fr\/wp-json\/wp\/v2\/types\/page"}],"author":[{"embeddable":true,"href":"https:\/\/efbag.be\/fr\/wp-json\/wp\/v2\/users\/1"}],"replies":[{"embeddable":true,"href":"https:\/\/efbag.be\/fr\/wp-json\/wp\/v2\/comments?post=253"}],"version-history":[{"count":4,"href":"https:\/\/efbag.be\/fr\/wp-json\/wp\/v2\/pages\/253\/revisions"}],"predecessor-version":[{"id":268,"href":"https:\/\/efbag.be\/fr\/wp-json\/wp\/v2\/pages\/253\/revisions\/268"}],"wp:attachment":[{"href":"https:\/\/efbag.be\/fr\/wp-json\/wp\/v2\/media?parent=253"}],"curies":[{"name":"wp","href":"https:\/\/api.w.org\/{rel}","templated":true}]}}